{"id":52,"date":"2021-11-16T19:12:35","date_gmt":"2021-11-16T18:12:35","guid":{"rendered":"https:\/\/3landschaft.eu\/?page_id=52"},"modified":"2025-03-18T16:02:36","modified_gmt":"2025-03-18T15:02:36","slug":"home-2","status":"publish","type":"page","link":"https:\/\/3landschaft.eu\/","title":{"rendered":"Home"},"content":{"rendered":"<p>[et_pb_section fb_built=&#8220;1&#8243; admin_label=&#8220;Hero Section&#8220; _builder_version=&#8220;4.21.0&#8243; use_background_color_gradient=&#8220;on&#8220; background_color_gradient_direction=&#8220;164deg&#8220; background_color_gradient_stops=&#8220;rgba(12,113,195,0.18) 30%|rgba(244,240,233,0) 100%&#8220; background_color_gradient_start=&#8220;rgba(12,113,195,0.18)&#8220; background_color_gradient_start_position=&#8220;30%&#8220; background_color_gradient_end=&#8220;rgba(244,240,233,0)&#8220; background_image=&#8220;https:\/\/3landschaft.eu\/wp-content\/uploads\/2022\/01\/landschaftsarchitektur_engeser_MG_6279.jpg&#8220; parallax=&#8220;on&#8220; custom_margin=&#8220;|||&#8220; custom_padding=&#8220;5%|0px|5%|0px|false|false&#8220; box_shadow_style=&#8220;preset5&#8243; box_shadow_blur=&#8220;13px&#8220; box_shadow_spread=&#8220;-3px&#8220; box_shadow_color=&#8220;rgba(0,0,0,0.23)&#8220; locked=&#8220;off&#8220; global_colors_info=&#8220;{}&#8220;][\/et_pb_section][et_pb_section fb_built=&#8220;1&#8243; admin_label=&#8220;Seasonal Collection&#8220; _builder_version=&#8220;4.21.0&#8243; background_color=&#8220;#FFFFFF&#8220; use_background_color_gradient=&#8220;on&#8220; background_color_gradient_direction=&#8220;47deg&#8220; background_color_gradient_stops=&#8220;rgba(255,255,255,0) 6%|rgba(59,65,137,0.1) 98%&#8220; background_color_gradient_overlays_image=&#8220;on&#8220; background_color_gradient_start=&#8220;rgba(255,255,255,0)&#8220; background_color_gradient_start_position=&#8220;6%&#8220; background_color_gradient_end=&#8220;rgba(59,65,137,0.1)&#8220; background_color_gradient_end_position=&#8220;98%&#8220; background_image=&#8220;https:\/\/3landschaft.eu\/wp-content\/uploads\/2023\/07\/Hintergrund-3landschaft2.png&#8220; parallax=&#8220;on&#8220; min_height=&#8220;697.8px&#8220; custom_margin=&#8220;|||&#8220; custom_padding=&#8220;2%|0px|2%|0px|false|false&#8220; locked=&#8220;off&#8220; global_colors_info=&#8220;{}&#8220;][et_pb_row custom_padding_last_edited=&#8220;off|desktop&#8220; admin_label=&#8220;Hero Area&#8220; _builder_version=&#8220;4.21.0&#8243; custom_padding=&#8220;27px|0px|0px|0px&#8220; global_colors_info=&#8220;{}&#8220;][et_pb_column type=&#8220;4_4&#8243; _builder_version=&#8220;4.16&#8243; custom_padding=&#8220;|||&#8220; global_colors_info=&#8220;{}&#8220; custom_padding__hover=&#8220;|||&#8220;][et_pb_text admin_label=&#8220;Hero Title&#8220; _builder_version=&#8220;4.21.0&#8243; text_font=&#8220;||||||||&#8220; header_font=&#8220;||||||||&#8220; header_font_size=&#8220;60px&#8220; header_letter_spacing=&#8220;-3px&#8220; header_line_height=&#8220;1.1em&#8220; background_color=&#8220;RGBA(255,255,255,0)&#8220; max_width=&#8220;83%&#8220; custom_margin=&#8220;||||false|false&#8220; custom_padding=&#8220;10px|||0px|false|false&#8220; animation_direction=&#8220;left&#8220; text_font_size_last_edited=&#8220;off|desktop&#8220; header_font_size_tablet=&#8220;&#8220; header_font_size_phone=&#8220;60px&#8220; header_font_size_last_edited=&#8220;on|phone&#8220; global_colors_info=&#8220;{}&#8220;]<\/p>\n<h1><span style=\"color: #333399;\">3Land<\/span>schaft<\/h1>\n<p>[\/et_pb_text][et_pb_text admin_label=&#8220;Hero Title&#8220; _builder_version=&#8220;4.21.0&#8243; text_font=&#8220;||||||||&#8220; header_font=&#8220;||||||||&#8220; header_font_size=&#8220;60px&#8220; header_letter_spacing=&#8220;-3px&#8220; header_line_height=&#8220;1.1em&#8220; background_color=&#8220;RGBA(255,255,255,0)&#8220; max_width=&#8220;52.6%&#8220; custom_margin=&#8220;-48px||||false|false&#8220; custom_padding=&#8220;10px|||0px|false|false&#8220; animation_direction=&#8220;left&#8220; text_font_size_last_edited=&#8220;off|desktop&#8220; header_font_size_tablet=&#8220;&#8220; header_font_size_phone=&#8220;60px&#8220; header_font_size_last_edited=&#8220;on|phone&#8220; global_colors_info=&#8220;{}&#8220;]<\/p>\n<h2><span style=\"color: #333399;\"><span style=\"color: #000000;\">Landschaftsarchitektur im 3Land Deutschland-Schweiz-Frankreich<\/span><br \/><\/span><\/h2>\n<p>[\/et_pb_text][et_pb_text _builder_version=&#8220;4.21.0&#8243; text_font=&#8220;||||||||&#8220; text_text_color=&#8220;#000000&#8243; text_font_size=&#8220;18px&#8220; text_line_height=&#8220;1.8em&#8220; header_font=&#8220;||||||||&#8220; background_color=&#8220;RGBA(255,255,255,0)&#8220; max_width=&#8220;500px&#8220; custom_margin=&#8220;|||&#8220; custom_padding=&#8220;10px|14px|10px|0px|false|false&#8220; animation_direction=&#8220;left&#8220; global_colors_info=&#8220;{}&#8220;]<\/p>\n<div class=\"page\" title=\"Page 1\">\n<div class=\"layoutArea\">\n<div class=\"column\">\n<div class=\"page\" title=\"Page 1\">\n<div class=\"layoutArea\">\n<div class=\"column\"><\/div>\n<\/div>\n<div class=\"layoutArea\">\n<div class=\"column\">\n<p><span>Das Dreila\u0308ndereck ist nicht nur auf Grund seiner gemeinsamen Kultur, Geschichte und Sprache eine interessante, vielfa\u0308ltige Region.<br \/><\/span><span style=\"font-size: 18px;\">Hier treffen auch viele unterschiedliche Landschaftsra\u0308ume aufeinander \u2013 Schwarzwald, Vogesen, Schweizer Tafeljura, der Hoch- und der Oberrhein. Es gibt die urbane Landschaft der Basler Agglomeration mit Lo\u0308rrach, Weil a.R. und St.Louis, die kleineren Sta\u0308dte und Do\u0308rfer entlang der Ta\u0308ler und die la\u0308ndlichen Regionen in den Bergen.<\/span><\/p>\n<p>&nbsp;<\/p>\n<\/div>\n<\/div>\n<\/div>\n<\/div>\n<\/div>\n<\/div>\n<p>Wir verstehen <strong>Landschaftsarchitektur<\/strong> als ein komplexes &amp; spannendes Gef\u00fcge, in dem Menschen mit ihren Bed\u00fcrfnissen, die Geschichte des Ortes, die r\u00e4umlichen und nat\u00fcrlichen Gegebenheiten in enger Verbindung stehen.<\/p>\n<p>&nbsp;<\/p>\n<p>[\/et_pb_text][\/et_pb_column][\/et_pb_row][\/et_pb_section]<\/p>\n","protected":false},"excerpt":{"rendered":"<p>3LandschaftLandschaftsarchitektur im 3Land Deutschland-Schweiz-Frankreich Das Dreila\u0308ndereck ist nicht nur auf Grund seiner gemeinsamen Kultur, Geschichte und Sprache eine interessante, vielfa\u0308ltige Region.Hier treffen auch viele unterschiedliche Landschaftsra\u0308ume aufeinander \u2013 Schwarzwald, Vogesen, Schweizer Tafeljura, der Hoch- und der Oberrhein. Es gibt die urbane Landschaft der Basler Agglomeration mit Lo\u0308rrach, Weil a.R. und St.Louis, die kleineren Sta\u0308dte und [&hellip;]<\/p>\n","protected":false},"author":4,"featured_media":0,"parent":0,"menu_order":0,"comment_status":"closed","ping_status":"closed","template":"","meta":{"_et_pb_use_builder":"on","_et_pb_old_content":"","_et_gb_content_width":"","footnotes":""},"class_list":["post-52","page","type-page","status-publish","hentry"],"yoast_head":"<!-- This site is optimized with the Yoast SEO plugin v27.5 - https:\/\/yoast.com\/product\/yoast-seo-wordpress\/ -->\n<title>Home - 3Landschaft Beate Engeser Landschaftsarchitektur L\u00f6rrach<\/title>\n<meta name=\"description\" content=\"3Landschaft Beate Engeser - ihr kompetenter Partner f\u00fcr Landschaftsarchitektur L\u00f6rrach : Home\" \/>\n<meta name=\"robots\" content=\"index, follow, max-snippet:-1, max-image-preview:large, max-video-preview:-1\" \/>\n<link rel=\"canonical\" href=\"https:\/\/3landschaft.eu\/\" \/>\n<meta property=\"og:locale\" content=\"de_DE\" \/>\n<meta property=\"og:type\" content=\"article\" \/>\n<meta property=\"og:title\" content=\"Home - 3Landschaft Beate Engeser Landschaftsarchitektur L\u00f6rrach\" \/>\n<meta property=\"og:description\" content=\"3Landschaft Beate Engeser - ihr kompetenter Partner f\u00fcr Landschaftsarchitektur L\u00f6rrach : Home\" \/>\n<meta property=\"og:url\" content=\"https:\/\/3landschaft.eu\/\" \/>\n<meta property=\"og:site_name\" content=\"3Landschaft Beate Engeser\" \/>\n<meta property=\"article:modified_time\" content=\"2025-03-18T15:02:36+00:00\" \/>\n<meta name=\"twitter:card\" content=\"summary_large_image\" \/>\n<meta name=\"twitter:label1\" content=\"Gesch\u00e4tzte Lesezeit\" \/>\n\t<meta name=\"twitter:data1\" content=\"7\u00a0Minuten\" \/>\n<script type=\"application\/ld+json\" class=\"yoast-schema-graph\">{\"@context\":\"https:\\\/\\\/schema.org\",\"@graph\":[{\"@type\":\"WebPage\",\"@id\":\"https:\\\/\\\/3landschaft.eu\\\/\",\"url\":\"https:\\\/\\\/3landschaft.eu\\\/\",\"name\":\"Home - 3Landschaft Beate Engeser Landschaftsarchitektur L\u00f6rrach\",\"isPartOf\":{\"@id\":\"https:\\\/\\\/3landschaft.eu\\\/#website\"},\"datePublished\":\"2021-11-16T18:12:35+00:00\",\"dateModified\":\"2025-03-18T15:02:36+00:00\",\"description\":\"3Landschaft Beate Engeser - ihr kompetenter Partner f\u00fcr Landschaftsarchitektur L\u00f6rrach : Home\",\"breadcrumb\":{\"@id\":\"https:\\\/\\\/3landschaft.eu\\\/#breadcrumb\"},\"inLanguage\":\"de\",\"potentialAction\":[{\"@type\":\"ReadAction\",\"target\":[\"https:\\\/\\\/3landschaft.eu\\\/\"]}]},{\"@type\":\"BreadcrumbList\",\"@id\":\"https:\\\/\\\/3landschaft.eu\\\/#breadcrumb\",\"itemListElement\":[{\"@type\":\"ListItem\",\"position\":1,\"name\":\"Startseite\",\"item\":\"https:\\\/\\\/3landschaft.eu\\\/\"},{\"@type\":\"ListItem\",\"position\":2,\"name\":\"Home\"}]},{\"@type\":\"WebSite\",\"@id\":\"https:\\\/\\\/3landschaft.eu\\\/#website\",\"url\":\"https:\\\/\\\/3landschaft.eu\\\/\",\"name\":\"3Landschaft Beate Engeser\",\"description\":\"Landschaftsarchitektur L\u00f6rrach\",\"potentialAction\":[{\"@type\":\"SearchAction\",\"target\":{\"@type\":\"EntryPoint\",\"urlTemplate\":\"https:\\\/\\\/3landschaft.eu\\\/?s={search_term_string}\"},\"query-input\":{\"@type\":\"PropertyValueSpecification\",\"valueRequired\":true,\"valueName\":\"search_term_string\"}}],\"inLanguage\":\"de\"}]}<\/script>\n<!-- \/ Yoast SEO plugin. -->","yoast_head_json":{"title":"Home - 3Landschaft Beate Engeser Landschaftsarchitektur L\u00f6rrach","description":"3Landschaft Beate Engeser - ihr kompetenter Partner f\u00fcr Landschaftsarchitektur L\u00f6rrach : Home","robots":{"index":"index","follow":"follow","max-snippet":"max-snippet:-1","max-image-preview":"max-image-preview:large","max-video-preview":"max-video-preview:-1"},"canonical":"https:\/\/3landschaft.eu\/","og_locale":"de_DE","og_type":"article","og_title":"Home - 3Landschaft Beate Engeser Landschaftsarchitektur L\u00f6rrach","og_description":"3Landschaft Beate Engeser - ihr kompetenter Partner f\u00fcr Landschaftsarchitektur L\u00f6rrach : Home","og_url":"https:\/\/3landschaft.eu\/","og_site_name":"3Landschaft Beate Engeser","article_modified_time":"2025-03-18T15:02:36+00:00","twitter_card":"summary_large_image","twitter_misc":{"Gesch\u00e4tzte Lesezeit":"7\u00a0Minuten"},"schema":{"@context":"https:\/\/schema.org","@graph":[{"@type":"WebPage","@id":"https:\/\/3landschaft.eu\/","url":"https:\/\/3landschaft.eu\/","name":"Home - 3Landschaft Beate Engeser Landschaftsarchitektur L\u00f6rrach","isPartOf":{"@id":"https:\/\/3landschaft.eu\/#website"},"datePublished":"2021-11-16T18:12:35+00:00","dateModified":"2025-03-18T15:02:36+00:00","description":"3Landschaft Beate Engeser - ihr kompetenter Partner f\u00fcr Landschaftsarchitektur L\u00f6rrach : Home","breadcrumb":{"@id":"https:\/\/3landschaft.eu\/#breadcrumb"},"inLanguage":"de","potentialAction":[{"@type":"ReadAction","target":["https:\/\/3landschaft.eu\/"]}]},{"@type":"BreadcrumbList","@id":"https:\/\/3landschaft.eu\/#breadcrumb","itemListElement":[{"@type":"ListItem","position":1,"name":"Startseite","item":"https:\/\/3landschaft.eu\/"},{"@type":"ListItem","position":2,"name":"Home"}]},{"@type":"WebSite","@id":"https:\/\/3landschaft.eu\/#website","url":"https:\/\/3landschaft.eu\/","name":"3Landschaft Beate Engeser","description":"Landschaftsarchitektur L\u00f6rrach","potentialAction":[{"@type":"SearchAction","target":{"@type":"EntryPoint","urlTemplate":"https:\/\/3landschaft.eu\/?s={search_term_string}"},"query-input":{"@type":"PropertyValueSpecification","valueRequired":true,"valueName":"search_term_string"}}],"inLanguage":"de"}]}},"_links":{"self":[{"href":"https:\/\/3landschaft.eu\/index.php\/wp-json\/wp\/v2\/pages\/52","targetHints":{"allow":["GET"]}}],"collection":[{"href":"https:\/\/3landschaft.eu\/index.php\/wp-json\/wp\/v2\/pages"}],"about":[{"href":"https:\/\/3landschaft.eu\/index.php\/wp-json\/wp\/v2\/types\/page"}],"author":[{"embeddable":true,"href":"https:\/\/3landschaft.eu\/index.php\/wp-json\/wp\/v2\/users\/4"}],"replies":[{"embeddable":true,"href":"https:\/\/3landschaft.eu\/index.php\/wp-json\/wp\/v2\/comments?post=52"}],"version-history":[{"count":71,"href":"https:\/\/3landschaft.eu\/index.php\/wp-json\/wp\/v2\/pages\/52\/revisions"}],"predecessor-version":[{"id":990,"href":"https:\/\/3landschaft.eu\/index.php\/wp-json\/wp\/v2\/pages\/52\/revisions\/990"}],"wp:attachment":[{"href":"https:\/\/3landschaft.eu\/index.php\/wp-json\/wp\/v2\/media?parent=52"}],"curies":[{"name":"wp","href":"https:\/\/api.w.org\/{rel}","templated":true}]}}