{"id":13,"date":"2021-11-16T18:56:14","date_gmt":"2021-11-16T17:56:14","guid":{"rendered":"https:\/\/3landschaft.eu\/?page_id=13"},"modified":"2025-03-18T10:14:43","modified_gmt":"2025-03-18T09:14:43","slug":"ueber-uns","status":"publish","type":"page","link":"https:\/\/3landschaft.eu\/index.php\/ueber-uns\/","title":{"rendered":"\u00dcber uns"},"content":{"rendered":"<p>[et_pb_section fb_built=&#8220;1&#8243; admin_label=&#8220;Hero Section&#8220; _builder_version=&#8220;4.16&#8243; use_background_color_gradient=&#8220;on&#8220; background_color_gradient_direction=&#8220;164deg&#8220; background_color_gradient_stops=&#8220;rgba(12,113,195,0.18) 30%|rgba(244,240,233,0) 100%&#8220; background_color_gradient_start=&#8220;rgba(12,113,195,0.18)&#8220; background_color_gradient_start_position=&#8220;30%&#8220; background_color_gradient_end=&#8220;rgba(244,240,233,0)&#8220; background_image=&#8220;https:\/\/3landschaft.eu\/wp-content\/uploads\/2022\/01\/Landschaftsarchitektur_Engeser_MG_6380_02.jpg&#8220; parallax=&#8220;on&#8220; custom_margin=&#8220;|||&#8220; custom_padding=&#8220;5%|0px|5%|0px|false|false&#8220; global_colors_info=&#8220;{}&#8220;][et_pb_row custom_padding_last_edited=&#8220;off|desktop&#8220; admin_label=&#8220;Hero Area&#8220; _builder_version=&#8220;4.16&#8243; custom_padding=&#8220;27px|0px|0px|0px&#8220; global_colors_info=&#8220;{}&#8220;][et_pb_column type=&#8220;4_4&#8243; _builder_version=&#8220;4.16&#8243; custom_padding=&#8220;|||&#8220; global_colors_info=&#8220;{}&#8220; custom_padding__hover=&#8220;|||&#8220;][et_pb_text admin_label=&#8220;Hero Title&#8220; _builder_version=&#8220;4.16&#8243; text_font=&#8220;||||||||&#8220; header_font=&#8220;||||||||&#8220; header_font_size=&#8220;60px&#8220; header_letter_spacing=&#8220;-3px&#8220; header_line_height=&#8220;1.1em&#8220; background_color=&#8220;RGBA(255,255,255,0)&#8220; custom_margin=&#8220;||||false|false&#8220; custom_padding=&#8220;10px|||20px|false|false&#8220; animation_direction=&#8220;left&#8220; text_font_size_last_edited=&#8220;off|desktop&#8220; header_font_size_tablet=&#8220;&#8220; header_font_size_phone=&#8220;60px&#8220; header_font_size_last_edited=&#8220;on|phone&#8220; global_colors_info=&#8220;{}&#8220;]<\/p>\n<h1>\u00dcber uns<\/h1>\n<p>[\/et_pb_text][\/et_pb_column][\/et_pb_row][\/et_pb_section][et_pb_section fb_built=&#8220;1&#8243; _builder_version=&#8220;4.21.0&#8243; _module_preset=&#8220;default&#8220; background_image=&#8220;https:\/\/3landschaft.eu\/wp-content\/uploads\/2023\/07\/Hintergrund-3landschaft2.png&#8220; parallax=&#8220;on&#8220; global_colors_info=&#8220;{}&#8220;][et_pb_row column_structure=&#8220;2_5,3_5&#8243; _builder_version=&#8220;4.16&#8243; _module_preset=&#8220;default&#8220; global_colors_info=&#8220;{}&#8220;][et_pb_column type=&#8220;2_5&#8243; _builder_version=&#8220;4.16&#8243; _module_preset=&#8220;default&#8220; global_colors_info=&#8220;{}&#8220;][et_pb_image src=&#8220;https:\/\/3landschaft.eu\/wp-content\/uploads\/2021\/12\/beate-engeser_Landschaftsarchitektin-scaled.jpg&#8220; title_text=&#8220;beate-engeser_Landschaftsarchitektin&#8220; _builder_version=&#8220;4.16&#8243; _module_preset=&#8220;default&#8220; global_colors_info=&#8220;{}&#8220;][\/et_pb_image][et_pb_image src=&#8220;https:\/\/3landschaft.eu\/wp-content\/uploads\/2022\/05\/Gero-Engeser.jpg&#8220; title_text=&#8220;Gero Engeser&#8220; _builder_version=&#8220;4.16&#8243; _module_preset=&#8220;default&#8220; global_colors_info=&#8220;{}&#8220;][\/et_pb_image][et_pb_image src=&#8220;https:\/\/3landschaft.eu\/wp-content\/uploads\/2022\/05\/Julia-Denzer.jpg&#8220; title_text=&#8220;Julia Denzer&#8220; disabled_on=&#8220;on|on|on&#8220; _builder_version=&#8220;4.16&#8243; _module_preset=&#8220;default&#8220; disabled=&#8220;on&#8220; global_colors_info=&#8220;{}&#8220;][\/et_pb_image][\/et_pb_column][et_pb_column type=&#8220;3_5&#8243; _builder_version=&#8220;4.16&#8243; _module_preset=&#8220;default&#8220; global_colors_info=&#8220;{}&#8220;][et_pb_text _builder_version=&#8220;4.16&#8243; _module_preset=&#8220;default&#8220; global_colors_info=&#8220;{}&#8220;]<\/p>\n<h2>Beate Engeser<\/h2>\n<h3><strong>Landschaftsarchitektin<\/strong><\/h3>\n<p>studierte Landschaftspflege an der FH N\u00fcrtingen. Nach ihrem Studium arbeitete sie im B\u00fcro Krupp, Losert + Partner (heute faktor gr\u00fcn) in Rottweil. 2007 gr\u00fcndete sie das B\u00fcro Engeser Garten- und Freiraumplanung und realisierte unterschiedliche Projekte, wie die Wohnanlage der Wohnbau L\u00f6rrach in Schopfheim, der Patientengarten des Sigma-Zentrums in Bad S\u00e4ckingen oder die Au\u00dfenanlagen der Janusz-Korczak-Schule in Freiburg.<\/p>\n<p>2020 gr\u00fcndete sie <strong>3Landschaft Landschaftsarchitektur in L\u00f6rrach<\/strong>.<\/p>\n<p>[\/et_pb_text][et_pb_text _builder_version=&#8220;4.16&#8243; _module_preset=&#8220;default&#8220; min_height=&#8220;372.6px&#8220; custom_margin=&#8220;139px|||||&#8220; custom_padding=&#8220;14px||89px|||&#8220; global_colors_info=&#8220;{}&#8220;]<\/p>\n<h2>Gero Engeser<\/h2>\n<h3><strong>M.A. (TUM) Landschaftsarchitektur, Freier Mitarbeiter<br \/><\/strong><\/h3>\n<p>Wissenschaftlicher Mitarbeiter am Lehrstuhl f\u00fcr Landschaftsarchitektur und \u00f6ffentlichen Raum an der TU M\u00fcnchen. Er arbeitete als studentischer Mitarbeiter an den Lehrst\u00fchlen von Prof. S\u00f6ren Sch\u00f6bel und Prof. Udo Weilacher. 2017 gr\u00fcndete er mit Matthias Oberfrank <em>landstrich<\/em>, eine Plattform f\u00fcr Handzeichnung und Visualisierung. Ab 2017 leitete er zwei Jahre die Redaktion von nodium, der Zeitschrift des Alumni-Clubs Landschaft der TUM, die einmal j\u00e4hrlich erscheint. 2018 gewann er gemeinsam mit Andreas Ebert eine Anerkennung beim AIV-Schinkel-Wettbewerb und 2019 den Peter-Josef-Lenn\u00e9-Preis.<\/p>\n<p>[\/et_pb_text][et_pb_text disabled_on=&#8220;on|on|on&#8220; _builder_version=&#8220;4.16&#8243; _module_preset=&#8220;default&#8220; min_height=&#8220;438.6px&#8220; custom_margin=&#8220;15px|||||&#8220; custom_padding=&#8220;19px||135px|||&#8220; disabled=&#8220;on&#8220; global_colors_info=&#8220;{}&#8220;]<\/p>\n<h2>Julia Denzer<\/h2>\n<h3><strong>M.A. (FH) Innenarchitektur, \u00d6ffentlichkeitsarbeit<br \/><\/strong><\/h3>\n<p>studierte Innenarchitektur an der Fachhochschule in Rosenheim. Ihre Masterarbeit zu dem Thema Bauen im Bestand und Dorfentwicklung wurde f\u00fcr den BDIA<em>ausgezeichnet<\/em>-Preis nominiert. W\u00e4hrend des Studiums war sie an einem Kooperationsprojekt mit dem Schwerpunkt Urban Gardening mit der Universit\u00e4t in Peking beteiligt.\u00a0\u00a0\u00a0\u00a0\u00a0\u00a0\u00a0\u00a0\u00a0\u00a0\u00a0\u00a0\u00a0\u00a0\u00a0\u00a0\u00a0\u00a0\u00a0\u00a0\u00a0\u00a0\u00a0\u00a0\u00a0\u00a0\u00a0\u00a0\u00a0\u00a0\u00a0\u00a0\u00a0\u00a0\u00a0\u00a0\u00a0\u00a0\u00a0\u00a0\u00a0\u00a0\u00a0\u00a0\u00a0\u00a0\u00a0\u00a0\u00a0\u00a0\u00a0\u00a0\u00a0\u00a0\u00a0\u00a0\u00a0\u00a0\u00a0\u00a0\u00a0\u00a0\u00a0\u00a0\u00a0\u00a0\u00a0\u00a0\u00a0\u00a0\u00a0\u00a0\u00a0\u00a0\u00a0\u00a0\u00a0\u00a0\u00a0\u00a0\u00a0\u00a0\u00a0\u00a0\u00a0\u00a0\u00a0\u00a0\u00a0\u00a0\u00a0\u00a0\u00a0\u00a0\u00a0\u00a0\u00a0\u00a0\u00a0\u00a0\u00a0\u00a0\u00a0\u00a0\u00a0\u00a0\u00a0\u00a0\u00a0\u00a0\u00a0\u00a0\u00a0\u00a0\u00a0\u00a0\u00a0 Seit 2018 arbeitet sie bei Jansen Zickenheiner Innenarchitekten+Architekten GmbH. 2022 begann sie au\u00dferdem ihre T\u00e4tigkeit bei 3Landschaft Landschaftsarchitektur in L\u00f6rrach.<\/p>\n<p>[\/et_pb_text][\/et_pb_column][\/et_pb_row][et_pb_row _builder_version=&#8220;4.16&#8243; _module_preset=&#8220;default&#8220; global_colors_info=&#8220;{}&#8220;][et_pb_column type=&#8220;4_4&#8243; _builder_version=&#8220;4.16&#8243; _module_preset=&#8220;default&#8220; global_colors_info=&#8220;{}&#8220;][et_pb_divider _builder_version=&#8220;4.16&#8243; _module_preset=&#8220;default&#8220; global_colors_info=&#8220;{}&#8220;][\/et_pb_divider][\/et_pb_column][\/et_pb_row][et_pb_row column_structure=&#8220;2_5,3_5&#8243; _builder_version=&#8220;4.16&#8243; _module_preset=&#8220;default&#8220; global_colors_info=&#8220;{}&#8220;][et_pb_column type=&#8220;2_5&#8243; _builder_version=&#8220;4.16&#8243; _module_preset=&#8220;default&#8220; global_colors_info=&#8220;{}&#8220;][et_pb_text _builder_version=&#8220;4.16&#8243; _module_preset=&#8220;default&#8220; global_colors_info=&#8220;{}&#8220;]<\/p>\n<h2 style=\"text-align: right;\"><strong>Profil<\/strong><\/h2>\n<p>[\/et_pb_text][\/et_pb_column][et_pb_column type=&#8220;3_5&#8243; _builder_version=&#8220;4.16&#8243; _module_preset=&#8220;default&#8220; global_colors_info=&#8220;{}&#8220;][et_pb_text _builder_version=&#8220;4.16&#8243; _module_preset=&#8220;default&#8220; global_colors_info=&#8220;{}&#8220;]<\/p>\n<h3>Leistungen<\/h3>\n<p>Planung von Freianlagen Leistungsphasen 1-8 der HOAI, Konzeptionelle Planungen; Regionale Landschaftsplanung<\/p>\n<h3>Gr\u00fcndung<\/h3>\n<p>2016 GBR &#8222;Gr\u00fcngewebt&#8220;<br \/>2020 \u00dcberf\u00fchrung der GBR in <strong>3Landschaft<\/strong> Landschaftsarchitektur in L\u00f6rrach<\/p>\n<h3>Rechtsform<\/h3>\n<p>Einzelunternehmung<\/p>\n<h3>UstNr.<\/h3>\n<p>11313\/02097<\/p>\n<h3>Freie Mitarbeiter<\/h3>\n<p>Gero Engeser, Susanne Pfeiffer, Julia Denzer<\/p>\n<p>&nbsp;<\/p>\n<p>[\/et_pb_text][\/et_pb_column][\/et_pb_row][et_pb_row _builder_version=&#8220;4.16&#8243; _module_preset=&#8220;default&#8220; global_colors_info=&#8220;{}&#8220;][et_pb_column type=&#8220;4_4&#8243; _builder_version=&#8220;4.16&#8243; _module_preset=&#8220;default&#8220; global_colors_info=&#8220;{}&#8220;][et_pb_divider _builder_version=&#8220;4.16&#8243; _module_preset=&#8220;default&#8220; global_colors_info=&#8220;{}&#8220;][\/et_pb_divider][\/et_pb_column][\/et_pb_row][et_pb_row column_structure=&#8220;2_5,3_5&#8243; _builder_version=&#8220;4.16&#8243; _module_preset=&#8220;default&#8220; global_colors_info=&#8220;{}&#8220;][et_pb_column type=&#8220;2_5&#8243; _builder_version=&#8220;4.16&#8243; _module_preset=&#8220;default&#8220; global_colors_info=&#8220;{}&#8220;][et_pb_text _builder_version=&#8220;4.16&#8243; _module_preset=&#8220;default&#8220; global_colors_info=&#8220;{}&#8220;]<\/p>\n<h2 style=\"text-align: right;\"><strong>Netzwerk<\/strong><\/h2>\n<p>[\/et_pb_text][\/et_pb_column][et_pb_column type=&#8220;3_5&#8243; _builder_version=&#8220;4.16&#8243; _module_preset=&#8220;default&#8220; global_colors_info=&#8220;{}&#8220;][et_pb_text _builder_version=&#8220;4.16&#8243; _module_preset=&#8220;default&#8220; global_colors_info=&#8220;{}&#8220;]<\/p>\n<h3><a href=\"https:\/\/www.jza.team\" target=\"_blank\" rel=\"noopener\">Jansen Zickenheiner Innenarchitekten + Architekten GmbH<\/a><\/h3>\n<h3><a href=\"https:\/\/www.komm-zept.de\/\" target=\"_blank\" rel=\"noopener\">Komm&#8230;zept<\/a><\/h3>\n<h3><a href=\"http:\/\/landstrich.eu\/\" target=\"_blank\" rel=\"noopener\">landstrich<\/a><\/h3>\n<h3>Susanne Pfeiffer<\/h3>\n<p>[\/et_pb_text][\/et_pb_column][\/et_pb_row][\/et_pb_section]<\/p>\n","protected":false},"excerpt":{"rendered":"<p>\u00dcber unsBeate Engeser Landschaftsarchitektin studierte Landschaftspflege an der FH N\u00fcrtingen. Nach ihrem Studium arbeitete sie im B\u00fcro Krupp, Losert + Partner (heute faktor gr\u00fcn) in Rottweil. 2007 gr\u00fcndete sie das B\u00fcro Engeser Garten- und Freiraumplanung und realisierte unterschiedliche Projekte, wie die Wohnanlage der Wohnbau L\u00f6rrach in Schopfheim, der Patientengarten des Sigma-Zentrums in Bad S\u00e4ckingen oder [&hellip;]<\/p>\n","protected":false},"author":4,"featured_media":0,"parent":0,"menu_order":20,"comment_status":"closed","ping_status":"closed","template":"","meta":{"_et_pb_use_builder":"on","_et_pb_old_content":"<!-- wp:divi\/placeholder \/-->","_et_gb_content_width":"","footnotes":""},"class_list":["post-13","page","type-page","status-publish","hentry"],"yoast_head":"<!-- This site is optimized with the Yoast SEO plugin v27.5 - https:\/\/yoast.com\/product\/yoast-seo-wordpress\/ -->\n<title>3Landschaft Beate Engeser - \u00dcber uns - Landschaftsarchitektur L\u00f6rrach<\/title>\n<meta name=\"description\" content=\"3Landschaft Beate Engeser - ihr kompetenter Partner f\u00fcr Landschaftsarchitektur L\u00f6rrach : \u00dcber uns\" \/>\n<meta name=\"robots\" content=\"index, follow, max-snippet:-1, max-image-preview:large, max-video-preview:-1\" \/>\n<link rel=\"canonical\" href=\"https:\/\/3landschaft.eu\/index.php\/ueber-uns\/\" \/>\n<meta property=\"og:locale\" content=\"de_DE\" \/>\n<meta property=\"og:type\" content=\"article\" \/>\n<meta property=\"og:title\" content=\"3Landschaft Beate Engeser - \u00dcber uns - Landschaftsarchitektur L\u00f6rrach\" \/>\n<meta property=\"og:description\" content=\"3Landschaft Beate Engeser - ihr kompetenter Partner f\u00fcr Landschaftsarchitektur L\u00f6rrach : \u00dcber uns\" \/>\n<meta property=\"og:url\" content=\"https:\/\/3landschaft.eu\/index.php\/ueber-uns\/\" \/>\n<meta property=\"og:site_name\" content=\"3Landschaft Beate Engeser\" \/>\n<meta property=\"article:modified_time\" content=\"2025-03-18T09:14:43+00:00\" \/>\n<meta name=\"twitter:card\" content=\"summary_large_image\" \/>\n<meta name=\"twitter:label1\" content=\"Gesch\u00e4tzte Lesezeit\" \/>\n\t<meta name=\"twitter:data1\" content=\"2\u00a0Minuten\" \/>\n<script type=\"application\/ld+json\" class=\"yoast-schema-graph\">{\"@context\":\"https:\\\/\\\/schema.org\",\"@graph\":[{\"@type\":\"WebPage\",\"@id\":\"https:\\\/\\\/3landschaft.eu\\\/index.php\\\/ueber-uns\\\/\",\"url\":\"https:\\\/\\\/3landschaft.eu\\\/index.php\\\/ueber-uns\\\/\",\"name\":\"3Landschaft Beate Engeser - \u00dcber uns - Landschaftsarchitektur L\u00f6rrach\",\"isPartOf\":{\"@id\":\"https:\\\/\\\/3landschaft.eu\\\/#website\"},\"datePublished\":\"2021-11-16T17:56:14+00:00\",\"dateModified\":\"2025-03-18T09:14:43+00:00\",\"description\":\"3Landschaft Beate Engeser - ihr kompetenter Partner f\u00fcr Landschaftsarchitektur L\u00f6rrach : \u00dcber uns\",\"breadcrumb\":{\"@id\":\"https:\\\/\\\/3landschaft.eu\\\/index.php\\\/ueber-uns\\\/#breadcrumb\"},\"inLanguage\":\"de\",\"potentialAction\":[{\"@type\":\"ReadAction\",\"target\":[\"https:\\\/\\\/3landschaft.eu\\\/index.php\\\/ueber-uns\\\/\"]}]},{\"@type\":\"BreadcrumbList\",\"@id\":\"https:\\\/\\\/3landschaft.eu\\\/index.php\\\/ueber-uns\\\/#breadcrumb\",\"itemListElement\":[{\"@type\":\"ListItem\",\"position\":1,\"name\":\"Startseite\",\"item\":\"https:\\\/\\\/3landschaft.eu\\\/\"},{\"@type\":\"ListItem\",\"position\":2,\"name\":\"\u00dcber uns\"}]},{\"@type\":\"WebSite\",\"@id\":\"https:\\\/\\\/3landschaft.eu\\\/#website\",\"url\":\"https:\\\/\\\/3landschaft.eu\\\/\",\"name\":\"3Landschaft Beate Engeser\",\"description\":\"Landschaftsarchitektur L\u00f6rrach\",\"potentialAction\":[{\"@type\":\"SearchAction\",\"target\":{\"@type\":\"EntryPoint\",\"urlTemplate\":\"https:\\\/\\\/3landschaft.eu\\\/?s={search_term_string}\"},\"query-input\":{\"@type\":\"PropertyValueSpecification\",\"valueRequired\":true,\"valueName\":\"search_term_string\"}}],\"inLanguage\":\"de\"}]}<\/script>\n<!-- \/ Yoast SEO plugin. -->","yoast_head_json":{"title":"3Landschaft Beate Engeser - \u00dcber uns - Landschaftsarchitektur L\u00f6rrach","description":"3Landschaft Beate Engeser - ihr kompetenter Partner f\u00fcr Landschaftsarchitektur L\u00f6rrach : \u00dcber uns","robots":{"index":"index","follow":"follow","max-snippet":"max-snippet:-1","max-image-preview":"max-image-preview:large","max-video-preview":"max-video-preview:-1"},"canonical":"https:\/\/3landschaft.eu\/index.php\/ueber-uns\/","og_locale":"de_DE","og_type":"article","og_title":"3Landschaft Beate Engeser - \u00dcber uns - Landschaftsarchitektur L\u00f6rrach","og_description":"3Landschaft Beate Engeser - ihr kompetenter Partner f\u00fcr Landschaftsarchitektur L\u00f6rrach : \u00dcber uns","og_url":"https:\/\/3landschaft.eu\/index.php\/ueber-uns\/","og_site_name":"3Landschaft Beate Engeser","article_modified_time":"2025-03-18T09:14:43+00:00","twitter_card":"summary_large_image","twitter_misc":{"Gesch\u00e4tzte Lesezeit":"2\u00a0Minuten"},"schema":{"@context":"https:\/\/schema.org","@graph":[{"@type":"WebPage","@id":"https:\/\/3landschaft.eu\/index.php\/ueber-uns\/","url":"https:\/\/3landschaft.eu\/index.php\/ueber-uns\/","name":"3Landschaft Beate Engeser - \u00dcber uns - Landschaftsarchitektur L\u00f6rrach","isPartOf":{"@id":"https:\/\/3landschaft.eu\/#website"},"datePublished":"2021-11-16T17:56:14+00:00","dateModified":"2025-03-18T09:14:43+00:00","description":"3Landschaft Beate Engeser - ihr kompetenter Partner f\u00fcr Landschaftsarchitektur L\u00f6rrach : \u00dcber uns","breadcrumb":{"@id":"https:\/\/3landschaft.eu\/index.php\/ueber-uns\/#breadcrumb"},"inLanguage":"de","potentialAction":[{"@type":"ReadAction","target":["https:\/\/3landschaft.eu\/index.php\/ueber-uns\/"]}]},{"@type":"BreadcrumbList","@id":"https:\/\/3landschaft.eu\/index.php\/ueber-uns\/#breadcrumb","itemListElement":[{"@type":"ListItem","position":1,"name":"Startseite","item":"https:\/\/3landschaft.eu\/"},{"@type":"ListItem","position":2,"name":"\u00dcber uns"}]},{"@type":"WebSite","@id":"https:\/\/3landschaft.eu\/#website","url":"https:\/\/3landschaft.eu\/","name":"3Landschaft Beate Engeser","description":"Landschaftsarchitektur L\u00f6rrach","potentialAction":[{"@type":"SearchAction","target":{"@type":"EntryPoint","urlTemplate":"https:\/\/3landschaft.eu\/?s={search_term_string}"},"query-input":{"@type":"PropertyValueSpecification","valueRequired":true,"valueName":"search_term_string"}}],"inLanguage":"de"}]}},"_links":{"self":[{"href":"https:\/\/3landschaft.eu\/index.php\/wp-json\/wp\/v2\/pages\/13","targetHints":{"allow":["GET"]}}],"collection":[{"href":"https:\/\/3landschaft.eu\/index.php\/wp-json\/wp\/v2\/pages"}],"about":[{"href":"https:\/\/3landschaft.eu\/index.php\/wp-json\/wp\/v2\/types\/page"}],"author":[{"embeddable":true,"href":"https:\/\/3landschaft.eu\/index.php\/wp-json\/wp\/v2\/users\/4"}],"replies":[{"embeddable":true,"href":"https:\/\/3landschaft.eu\/index.php\/wp-json\/wp\/v2\/comments?post=13"}],"version-history":[{"count":42,"href":"https:\/\/3landschaft.eu\/index.php\/wp-json\/wp\/v2\/pages\/13\/revisions"}],"predecessor-version":[{"id":968,"href":"https:\/\/3landschaft.eu\/index.php\/wp-json\/wp\/v2\/pages\/13\/revisions\/968"}],"wp:attachment":[{"href":"https:\/\/3landschaft.eu\/index.php\/wp-json\/wp\/v2\/media?parent=13"}],"curies":[{"name":"wp","href":"https:\/\/api.w.org\/{rel}","templated":true}]}}