{"id":12,"date":"2021-11-16T18:55:54","date_gmt":"2021-11-16T17:55:54","guid":{"rendered":"https:\/\/3landschaft.eu\/?page_id=12"},"modified":"2025-05-22T08:05:54","modified_gmt":"2025-05-22T06:05:54","slug":"kontakt","status":"publish","type":"page","link":"https:\/\/3landschaft.eu\/index.php\/kontakt\/","title":{"rendered":"Kontakt"},"content":{"rendered":"<p>[et_pb_section fb_built=&#8220;1&#8243; admin_label=&#8220;Hero Section&#8220; _builder_version=&#8220;4.16&#8243; use_background_color_gradient=&#8220;on&#8220; background_color_gradient_direction=&#8220;164deg&#8220; background_color_gradient_stops=&#8220;rgba(12,113,195,0.18) 30%|rgba(244,240,233,0) 100%&#8220; background_color_gradient_start=&#8220;rgba(12,113,195,0.18)&#8220; background_color_gradient_start_position=&#8220;30%&#8220; background_color_gradient_end=&#8220;rgba(244,240,233,0)&#8220; background_image=&#8220;https:\/\/3landschaft.eu\/wp-content\/uploads\/2022\/01\/Landschaftsarchitektur_Engeser_MG_6380.jpg&#8220; parallax=&#8220;on&#8220; custom_margin=&#8220;|||&#8220; custom_padding=&#8220;5%|0px|5%|0px|false|false&#8220; global_colors_info=&#8220;{}&#8220;][et_pb_row custom_padding_last_edited=&#8220;off|desktop&#8220; admin_label=&#8220;Hero Area&#8220; _builder_version=&#8220;4.16&#8243; custom_padding=&#8220;27px|0px|0px|0px&#8220; global_colors_info=&#8220;{}&#8220;][et_pb_column type=&#8220;4_4&#8243; _builder_version=&#8220;4.16&#8243; custom_padding=&#8220;|||&#8220; global_colors_info=&#8220;{}&#8220; custom_padding__hover=&#8220;|||&#8220;][et_pb_text admin_label=&#8220;Hero Title&#8220; _builder_version=&#8220;4.16&#8243; text_font=&#8220;||||||||&#8220; header_font=&#8220;||||||||&#8220; header_font_size=&#8220;60px&#8220; header_letter_spacing=&#8220;-3px&#8220; header_line_height=&#8220;1.1em&#8220; background_color=&#8220;RGBA(255,255,255,0)&#8220; custom_margin=&#8220;||||false|false&#8220; custom_padding=&#8220;10px|||20px|false|false&#8220; animation_direction=&#8220;left&#8220; text_font_size_last_edited=&#8220;off|desktop&#8220; header_font_size_tablet=&#8220;&#8220; header_font_size_phone=&#8220;60px&#8220; header_font_size_last_edited=&#8220;on|phone&#8220; global_colors_info=&#8220;{}&#8220;]<\/p>\n<h1>Kontakt<\/h1>\n<p>[\/et_pb_text][\/et_pb_column][\/et_pb_row][\/et_pb_section][et_pb_section fb_built=&#8220;1&#8243; admin_label=&#8220;Footer Section&#8220; _builder_version=&#8220;4.21.0&#8243; background_image=&#8220;https:\/\/3landschaft.eu\/wp-content\/uploads\/2023\/07\/Hintergrund-3landschaft2.png&#8220; parallax=&#8220;on&#8220; custom_padding=&#8220;110px||110px|&#8220; global_colors_info=&#8220;{}&#8220;][et_pb_row column_structure=&#8220;1_2,1_2&#8243; admin_label=&#8220;Footer Area&#8220; _builder_version=&#8220;4.16&#8243; custom_padding=&#8220;||0px|||&#8220; global_colors_info=&#8220;{}&#8220;][et_pb_column type=&#8220;1_2&#8243; _builder_version=&#8220;4.16&#8243; custom_padding=&#8220;|||&#8220; global_colors_info=&#8220;{}&#8220; custom_padding__hover=&#8220;|||&#8220;][et_pb_text admin_label=&#8220;Title&#8220; _builder_version=&#8220;4.21.0&#8243; text_font=&#8220;||||||||&#8220; header_font=&#8220;||||||||&#8220; header_2_font=&#8220;||||||||&#8220; header_2_font_size=&#8220;36px&#8220; animation_direction=&#8220;left&#8220; global_colors_info=&#8220;{}&#8220;]<\/p>\n<h3>So erreichen Sie uns<\/h3>\n<p>[\/et_pb_text][et_pb_blurb title=&#8220;B\u00fcroanschrift&#8220; admin_label=&#8220;Address&#8220; _builder_version=&#8220;4.21.0&#8243; header_level=&#8220;h3&#8243; header_font=&#8220;|600|||||||&#8220; header_font_size=&#8220;16px&#8220; header_line_height=&#8220;1.8em&#8220; body_font=&#8220;||||||||&#8220; body_line_height=&#8220;1.8em&#8220; animation_direction=&#8220;left&#8220; global_colors_info=&#8220;{}&#8220;]<\/p>\n<p>Schwarzwaldstra\u00dfe 61<br \/>79539 L\u00f6rrach<\/p>\n<p>[\/et_pb_blurb][et_pb_blurb title=&#8220;Kontakt&#8220; admin_label=&#8220;Address&#8220; _builder_version=&#8220;4.21.0&#8243; header_level=&#8220;h3&#8243; header_font=&#8220;|600|||||||&#8220; header_font_size=&#8220;16px&#8220; header_line_height=&#8220;1.8em&#8220; body_font=&#8220;||||||||&#8220; body_line_height=&#8220;1.8em&#8220; animation_direction=&#8220;left&#8220; global_colors_info=&#8220;{}&#8220;]<\/p>\n<p>+49 17645780816 (M)<\/p>\n<p>[\/et_pb_blurb][\/et_pb_column][et_pb_column type=&#8220;1_2&#8243; _builder_version=&#8220;4.16&#8243; custom_padding=&#8220;|||&#8220; global_colors_info=&#8220;{}&#8220; custom_padding__hover=&#8220;|||&#8220;][et_pb_contact_form captcha=&#8220;off&#8220; email=&#8220;&#98;&#x2e;e&#110;&#x67;e&#115;&#x65;r&#x40;&#x33;&#108;&#x61;n&#100;&#x73;c&#104;&#x61;f&#x74;&#x2e;&#101;&#x75;&#8220; title=&#8220;Wir freuen uns auf Ihre Nachricht&#8220; success_message=&#8220;vielen Dank f\u00fcr Ihre Nachricht!&#8220; submit_button_text=&#8220;Absenden&#8220; module_id=&#8220;et_pb_contact_form_0&#8243; _builder_version=&#8220;4.21.0&#8243; _unique_id=&#8220;d5779ee7-1c9c-4644-bf38-f379facc5c89&#8243; form_field_background_color=&#8220;rgba(255,255,255,0)&#8220; title_level=&#8220;h3&#8243; title_font=&#8220;|300|||||||&#8220; title_font_size=&#8220;22px&#8220; form_field_font=&#8220;||||||||&#8220; form_field_font_size=&#8220;16px&#8220; custom_button=&#8220;on&#8220; button_text_size=&#8220;16px&#8220; button_text_color=&#8220;#FFFFFF&#8220; button_bg_color=&#8220;#2F5496&#8243; button_border_width=&#8220;0px&#8220; button_border_color=&#8220;#2F5496&#8243; button_border_radius=&#8220;30px&#8220; button_letter_spacing=&#8220;2px&#8220; button_font=&#8220;|600|||||||&#8220; button_use_icon=&#8220;off&#8220; border_width_all=&#8220;1px&#8220; border_color_all=&#8220;rgba(0,0,0,0.12)&#8220; form_background_color=&#8220;rgba(255,255,255,0)&#8220; global_colors_info=&#8220;{}&#8220;][et_pb_contact_field field_id=&#8220;Name&#8220; field_title=&#8220;Name&#8220; _builder_version=&#8220;4.16&#8243; form_field_font=&#8220;||||||||&#8220; global_colors_info=&#8220;{}&#8220; button_text_size__hover_enabled=&#8220;off&#8220; button_one_text_size__hover_enabled=&#8220;off&#8220; button_two_text_size__hover_enabled=&#8220;off&#8220; button_text_color__hover_enabled=&#8220;off&#8220; button_one_text_color__hover_enabled=&#8220;off&#8220; button_two_text_color__hover_enabled=&#8220;off&#8220; button_border_width__hover_enabled=&#8220;off&#8220; button_one_border_width__hover_enabled=&#8220;off&#8220; button_two_border_width__hover_enabled=&#8220;off&#8220; button_border_color__hover_enabled=&#8220;off&#8220; button_one_border_color__hover_enabled=&#8220;off&#8220; button_two_border_color__hover_enabled=&#8220;off&#8220; button_border_radius__hover_enabled=&#8220;off&#8220; button_one_border_radius__hover_enabled=&#8220;off&#8220; button_two_border_radius__hover_enabled=&#8220;off&#8220; button_letter_spacing__hover_enabled=&#8220;off&#8220; button_one_letter_spacing__hover_enabled=&#8220;off&#8220; button_two_letter_spacing__hover_enabled=&#8220;off&#8220; button_bg_color__hover_enabled=&#8220;off&#8220; button_one_bg_color__hover_enabled=&#8220;off&#8220; button_two_bg_color__hover_enabled=&#8220;off&#8220;][\/et_pb_contact_field][et_pb_contact_field field_id=&#8220;Email&#8220; field_title=&#8220;Email Address&#8220; field_type=&#8220;email&#8220; _builder_version=&#8220;4.16&#8243; global_colors_info=&#8220;{}&#8220; button_text_size__hover_enabled=&#8220;off&#8220; button_one_text_size__hover_enabled=&#8220;off&#8220; button_two_text_size__hover_enabled=&#8220;off&#8220; button_text_color__hover_enabled=&#8220;off&#8220; button_one_text_color__hover_enabled=&#8220;off&#8220; button_two_text_color__hover_enabled=&#8220;off&#8220; button_border_width__hover_enabled=&#8220;off&#8220; button_one_border_width__hover_enabled=&#8220;off&#8220; button_two_border_width__hover_enabled=&#8220;off&#8220; button_border_color__hover_enabled=&#8220;off&#8220; button_one_border_color__hover_enabled=&#8220;off&#8220; button_two_border_color__hover_enabled=&#8220;off&#8220; button_border_radius__hover_enabled=&#8220;off&#8220; button_one_border_radius__hover_enabled=&#8220;off&#8220; button_two_border_radius__hover_enabled=&#8220;off&#8220; button_letter_spacing__hover_enabled=&#8220;off&#8220; button_one_letter_spacing__hover_enabled=&#8220;off&#8220; button_two_letter_spacing__hover_enabled=&#8220;off&#8220; button_bg_color__hover_enabled=&#8220;off&#8220; button_one_bg_color__hover_enabled=&#8220;off&#8220; button_two_bg_color__hover_enabled=&#8220;off&#8220;][\/et_pb_contact_field][et_pb_contact_field field_id=&#8220;Message&#8220; field_title=&#8220;Message&#8220; field_type=&#8220;text&#8220; fullwidth_field=&#8220;on&#8220; _builder_version=&#8220;4.16&#8243; global_colors_info=&#8220;{}&#8220; button_text_size__hover_enabled=&#8220;off&#8220; button_one_text_size__hover_enabled=&#8220;off&#8220; button_two_text_size__hover_enabled=&#8220;off&#8220; button_text_color__hover_enabled=&#8220;off&#8220; button_one_text_color__hover_enabled=&#8220;off&#8220; button_two_text_color__hover_enabled=&#8220;off&#8220; button_border_width__hover_enabled=&#8220;off&#8220; button_one_border_width__hover_enabled=&#8220;off&#8220; button_two_border_width__hover_enabled=&#8220;off&#8220; button_border_color__hover_enabled=&#8220;off&#8220; button_one_border_color__hover_enabled=&#8220;off&#8220; button_two_border_color__hover_enabled=&#8220;off&#8220; button_border_radius__hover_enabled=&#8220;off&#8220; button_one_border_radius__hover_enabled=&#8220;off&#8220; button_two_border_radius__hover_enabled=&#8220;off&#8220; button_letter_spacing__hover_enabled=&#8220;off&#8220; button_one_letter_spacing__hover_enabled=&#8220;off&#8220; button_two_letter_spacing__hover_enabled=&#8220;off&#8220; button_bg_color__hover_enabled=&#8220;off&#8220; button_one_bg_color__hover_enabled=&#8220;off&#8220; button_two_bg_color__hover_enabled=&#8220;off&#8220;][\/et_pb_contact_field][\/et_pb_contact_form][\/et_pb_column][\/et_pb_row][\/et_pb_section][et_pb_section fb_built=&#8220;1&#8243; fullwidth=&#8220;on&#8220; _builder_version=&#8220;4.16&#8243; _module_preset=&#8220;default&#8220; global_colors_info=&#8220;{}&#8220;][et_pb_fullwidth_code _builder_version=&#8220;4.21.0&#8243; _module_preset=&#8220;default&#8220; global_colors_info=&#8220;{}&#8220;]<iframe src=\"https:\/\/www.google.com\/maps\/embed?pb=!1m14!1m8!1m3!1d1344.622001846074!2d7.6684291!3d47.621388!3m2!1i1024!2i768!4f13.1!3m3!1m2!1s0x4791b1bb540370cd%3A0x62c60f7554b0b18a!2sStartblock%20%7C%20Coworking%20L%C3%B6rrach!5e0!3m2!1sen!2sde!4v1705848667004!5m2!1sen!2sde\" width=\"100%\" height=\"550\" style=\"border:0;\" allowfullscreen=\"\" loading=\"lazy\" ><\/iframe><!-- [et_pb_line_break_holder] -->[\/et_pb_fullwidth_code][\/et_pb_section]<\/p>\n","protected":false},"excerpt":{"rendered":"<p>KontaktSo erreichen Sie unsSchwarzwaldstra\u00dfe 6179539 L\u00f6rrach+49 17645780816 (M)<\/p>\n","protected":false},"author":4,"featured_media":0,"parent":0,"menu_order":40,"comment_status":"closed","ping_status":"closed","template":"","meta":{"_et_pb_use_builder":"on","_et_pb_old_content":"<!-- wp:divi\/placeholder \/-->","_et_gb_content_width":"","footnotes":""},"class_list":["post-12","page","type-page","status-publish","hentry"],"yoast_head":"<!-- This site is optimized with the Yoast SEO plugin v27.5 - https:\/\/yoast.com\/product\/yoast-seo-wordpress\/ -->\n<title>3Landschaft Beate Engeser - Kontakt Landschaftsarchitektur L\u00f6rrach<\/title>\n<meta name=\"description\" content=\"3Landschaft Beate Engeser - ihr kompetenter Partner f\u00fcr Landschaftsarchitektur L\u00f6rrach : Kontakt\" \/>\n<meta name=\"robots\" content=\"index, follow, max-snippet:-1, max-image-preview:large, max-video-preview:-1\" \/>\n<link rel=\"canonical\" href=\"https:\/\/3landschaft.eu\/index.php\/kontakt\/\" \/>\n<meta property=\"og:locale\" content=\"de_DE\" \/>\n<meta property=\"og:type\" content=\"article\" \/>\n<meta property=\"og:title\" content=\"3Landschaft Beate Engeser - Kontakt Landschaftsarchitektur L\u00f6rrach\" \/>\n<meta property=\"og:description\" content=\"3Landschaft Beate Engeser - ihr kompetenter Partner f\u00fcr Landschaftsarchitektur L\u00f6rrach : Kontakt\" \/>\n<meta property=\"og:url\" content=\"https:\/\/3landschaft.eu\/index.php\/kontakt\/\" \/>\n<meta property=\"og:site_name\" content=\"3Landschaft Beate Engeser\" \/>\n<meta property=\"article:modified_time\" content=\"2025-05-22T06:05:54+00:00\" \/>\n<meta name=\"twitter:card\" content=\"summary_large_image\" \/>\n<meta name=\"twitter:label1\" content=\"Gesch\u00e4tzte Lesezeit\" \/>\n\t<meta name=\"twitter:data1\" content=\"2\u00a0Minuten\" \/>\n<script type=\"application\/ld+json\" class=\"yoast-schema-graph\">{\"@context\":\"https:\\\/\\\/schema.org\",\"@graph\":[{\"@type\":\"WebPage\",\"@id\":\"https:\\\/\\\/3landschaft.eu\\\/index.php\\\/kontakt\\\/\",\"url\":\"https:\\\/\\\/3landschaft.eu\\\/index.php\\\/kontakt\\\/\",\"name\":\"3Landschaft Beate Engeser - Kontakt Landschaftsarchitektur L\u00f6rrach\",\"isPartOf\":{\"@id\":\"https:\\\/\\\/3landschaft.eu\\\/#website\"},\"datePublished\":\"2021-11-16T17:55:54+00:00\",\"dateModified\":\"2025-05-22T06:05:54+00:00\",\"description\":\"3Landschaft Beate Engeser - ihr kompetenter Partner f\u00fcr Landschaftsarchitektur L\u00f6rrach : Kontakt\",\"breadcrumb\":{\"@id\":\"https:\\\/\\\/3landschaft.eu\\\/index.php\\\/kontakt\\\/#breadcrumb\"},\"inLanguage\":\"de\",\"potentialAction\":[{\"@type\":\"ReadAction\",\"target\":[\"https:\\\/\\\/3landschaft.eu\\\/index.php\\\/kontakt\\\/\"]}]},{\"@type\":\"BreadcrumbList\",\"@id\":\"https:\\\/\\\/3landschaft.eu\\\/index.php\\\/kontakt\\\/#breadcrumb\",\"itemListElement\":[{\"@type\":\"ListItem\",\"position\":1,\"name\":\"Startseite\",\"item\":\"https:\\\/\\\/3landschaft.eu\\\/\"},{\"@type\":\"ListItem\",\"position\":2,\"name\":\"Kontakt\"}]},{\"@type\":\"WebSite\",\"@id\":\"https:\\\/\\\/3landschaft.eu\\\/#website\",\"url\":\"https:\\\/\\\/3landschaft.eu\\\/\",\"name\":\"3Landschaft Beate Engeser\",\"description\":\"Landschaftsarchitektur L\u00f6rrach\",\"potentialAction\":[{\"@type\":\"SearchAction\",\"target\":{\"@type\":\"EntryPoint\",\"urlTemplate\":\"https:\\\/\\\/3landschaft.eu\\\/?s={search_term_string}\"},\"query-input\":{\"@type\":\"PropertyValueSpecification\",\"valueRequired\":true,\"valueName\":\"search_term_string\"}}],\"inLanguage\":\"de\"}]}<\/script>\n<!-- \/ Yoast SEO plugin. -->","yoast_head_json":{"title":"3Landschaft Beate Engeser - Kontakt Landschaftsarchitektur L\u00f6rrach","description":"3Landschaft Beate Engeser - ihr kompetenter Partner f\u00fcr Landschaftsarchitektur L\u00f6rrach : Kontakt","robots":{"index":"index","follow":"follow","max-snippet":"max-snippet:-1","max-image-preview":"max-image-preview:large","max-video-preview":"max-video-preview:-1"},"canonical":"https:\/\/3landschaft.eu\/index.php\/kontakt\/","og_locale":"de_DE","og_type":"article","og_title":"3Landschaft Beate Engeser - Kontakt Landschaftsarchitektur L\u00f6rrach","og_description":"3Landschaft Beate Engeser - ihr kompetenter Partner f\u00fcr Landschaftsarchitektur L\u00f6rrach : Kontakt","og_url":"https:\/\/3landschaft.eu\/index.php\/kontakt\/","og_site_name":"3Landschaft Beate Engeser","article_modified_time":"2025-05-22T06:05:54+00:00","twitter_card":"summary_large_image","twitter_misc":{"Gesch\u00e4tzte Lesezeit":"2\u00a0Minuten"},"schema":{"@context":"https:\/\/schema.org","@graph":[{"@type":"WebPage","@id":"https:\/\/3landschaft.eu\/index.php\/kontakt\/","url":"https:\/\/3landschaft.eu\/index.php\/kontakt\/","name":"3Landschaft Beate Engeser - Kontakt Landschaftsarchitektur L\u00f6rrach","isPartOf":{"@id":"https:\/\/3landschaft.eu\/#website"},"datePublished":"2021-11-16T17:55:54+00:00","dateModified":"2025-05-22T06:05:54+00:00","description":"3Landschaft Beate Engeser - ihr kompetenter Partner f\u00fcr Landschaftsarchitektur L\u00f6rrach : Kontakt","breadcrumb":{"@id":"https:\/\/3landschaft.eu\/index.php\/kontakt\/#breadcrumb"},"inLanguage":"de","potentialAction":[{"@type":"ReadAction","target":["https:\/\/3landschaft.eu\/index.php\/kontakt\/"]}]},{"@type":"BreadcrumbList","@id":"https:\/\/3landschaft.eu\/index.php\/kontakt\/#breadcrumb","itemListElement":[{"@type":"ListItem","position":1,"name":"Startseite","item":"https:\/\/3landschaft.eu\/"},{"@type":"ListItem","position":2,"name":"Kontakt"}]},{"@type":"WebSite","@id":"https:\/\/3landschaft.eu\/#website","url":"https:\/\/3landschaft.eu\/","name":"3Landschaft Beate Engeser","description":"Landschaftsarchitektur L\u00f6rrach","potentialAction":[{"@type":"SearchAction","target":{"@type":"EntryPoint","urlTemplate":"https:\/\/3landschaft.eu\/?s={search_term_string}"},"query-input":{"@type":"PropertyValueSpecification","valueRequired":true,"valueName":"search_term_string"}}],"inLanguage":"de"}]}},"_links":{"self":[{"href":"https:\/\/3landschaft.eu\/index.php\/wp-json\/wp\/v2\/pages\/12","targetHints":{"allow":["GET"]}}],"collection":[{"href":"https:\/\/3landschaft.eu\/index.php\/wp-json\/wp\/v2\/pages"}],"about":[{"href":"https:\/\/3landschaft.eu\/index.php\/wp-json\/wp\/v2\/types\/page"}],"author":[{"embeddable":true,"href":"https:\/\/3landschaft.eu\/index.php\/wp-json\/wp\/v2\/users\/4"}],"replies":[{"embeddable":true,"href":"https:\/\/3landschaft.eu\/index.php\/wp-json\/wp\/v2\/comments?post=12"}],"version-history":[{"count":23,"href":"https:\/\/3landschaft.eu\/index.php\/wp-json\/wp\/v2\/pages\/12\/revisions"}],"predecessor-version":[{"id":1073,"href":"https:\/\/3landschaft.eu\/index.php\/wp-json\/wp\/v2\/pages\/12\/revisions\/1073"}],"wp:attachment":[{"href":"https:\/\/3landschaft.eu\/index.php\/wp-json\/wp\/v2\/media?parent=12"}],"curies":[{"name":"wp","href":"https:\/\/api.w.org\/{rel}","templated":true}]}}